{"id":40,"date":"2021-09-01T17:18:55","date_gmt":"2021-09-01T14:18:55","guid":{"rendered":"https:\/\/normiry.fi\/?page_id=40"},"modified":"2022-10-09T13:48:56","modified_gmt":"2022-10-09T10:48:56","slug":"home","status":"publish","type":"page","link":"https:\/\/normiry.fi\/index.php\/home\/","title":{"rendered":"Normi Ry"},"content":{"rendered":"\n<div class=\"wp-block-cover alignfull is-light hestia-clear-top-padding\" style=\"min-height:334px;aspect-ratio:unset;\"><span aria-hidden=\"true\" class=\"wp-block-cover__background has-white-background-color has-background-dim-100 has-background-dim\"><\/span><div class=\"wp-block-cover__inner-container is-layout-flow wp-block-cover-is-layout-flow\">\n<div class=\"wp-block-columns container is-layout-flex wp-container-core-columns-is-layout-28f84493 wp-block-columns-is-layout-flex\">\n<div class=\"wp-block-column is-layout-flow wp-block-column-is-layout-flow\"><div class=\"wp-block-image\">\n<figure class=\"aligncenter size-large\"><img decoding=\"async\" src=\"https:\/\/normiry.fi\/wp-content\/themes\/hestia\/assets\/img\/feat1.png\" alt=\"\" class=\"wp-image-70\"\/><\/figure>\n<\/div>\n\n\n<h5 class=\"has-text-align-center has-text-color wp-block-heading\" style=\"color:#3c4858;font-size:18px\">Ainej\u00e4rjest\u00f6<\/h5>\n\n\n\n<p class=\"has-text-align-center has-text-color\" style=\"color:#999999;font-size:14px\">Normi Ry on vuonna 1978 perustettu vero-oikeuden ja yritysjuridiikan ainej\u00e4rjest\u00f6, jonka tarkoituksena on lis\u00e4t\u00e4 opiskelijoiden viihtyvyytt\u00e4. <\/p>\n\n\n\n<div style=\"height:25px\" aria-hidden=\"true\" class=\"wp-block-spacer\"><\/div>\n<\/div>\n\n\n\n<div class=\"wp-block-column is-layout-flow wp-block-column-is-layout-flow\"><div class=\"wp-block-image\">\n<figure class=\"aligncenter size-large\"><img decoding=\"async\" src=\"https:\/\/normiry.fi\/wp-content\/themes\/hestia\/assets\/img\/feat2.png\" alt=\"\" class=\"wp-image-71\"\/><\/figure>\n<\/div>\n\n\n<h5 class=\"has-text-align-center has-text-color wp-block-heading\" style=\"color:#3c4858;font-size:18px\">Ty\u00f6el\u00e4m\u00e4j\u00e4rjest\u00f6<\/h5>\n\n\n\n<p class=\"has-text-align-center has-text-color\" style=\"color:#999999;font-size:14px\">Edist\u00e4mme jatkuvasti j\u00e4senist\u00f6mme sek\u00e4 ty\u00f6el\u00e4m\u00e4n kohtaamisia tekem\u00e4ll\u00e4 yhteisty\u00f6t\u00e4 ty\u00f6nantajien kanssa esimerkiksi excursioita j\u00e4rjest\u00e4m\u00e4ll\u00e4.<\/p>\n\n\n\n<div style=\"height:25px\" aria-hidden=\"true\" class=\"wp-block-spacer\"><\/div>\n<\/div>\n\n\n\n<div class=\"wp-block-column is-layout-flow wp-block-column-is-layout-flow\"><div class=\"wp-block-image\">\n<figure class=\"aligncenter size-large\"><img decoding=\"async\" src=\"https:\/\/normiry.fi\/wp-content\/themes\/hestia\/assets\/img\/feat3.png\" alt=\"\" class=\"wp-image-72\"\/><\/figure>\n<\/div>\n\n\n<h5 class=\"has-text-align-center has-text-color wp-block-heading\" style=\"color:#3c4858;font-size:18px\">Opintojen edunvalvoja<\/h5>\n\n\n\n<p class=\"has-text-align-center has-text-color\" style=\"color:#999999;font-size:14px\">Edist\u00e4mme ja valvomme opiskeloijoidemme etua sek\u00e4 opintojen sis\u00e4lt\u00f6\u00e4 osallistumalla j\u00e4senist\u00f6mme \u00e4\u00e4nell\u00e4 vuoropuheluun Yliopiston kanssa. <\/p>\n<\/div>\n<\/div>\n\n\n\n<p><\/p>\n<\/div><\/div>\n\n\n\n<h2 class=\"has-text-align-center has-huge-font-size wp-block-heading\">TEHT\u00c4V\u00c4MME<\/h2>\n\n\n\n<p>Normi Ry on vuonna 1978 perustettu ainej\u00e4rjest\u00f6, jonka tarkoituksena on koko pitk\u00e4n historiansa ajan ollut opiskelijoiden viihtyvyyden sek\u00e4 hyvinvoinnin lis\u00e4\u00e4minen j\u00e4rjest\u00e4m\u00e4ll\u00e4 erilaista vapaa-ajan toimintaa sek\u00e4 tiedottamalla ajankohtaisista asioista liittyen opintoihin sek\u00e4 ty\u00f6el\u00e4m\u00e4\u00e4n. <\/p>\n\n\n\n<p>Ainej\u00e4rjest\u00f6mme on alati kasvava ja uudistuva. Vuonna 2020 j\u00e4rjest\u00f6mme teki s\u00e4\u00e4nt\u00f6muutoksen, jonka tarkoituksena oli huomioida entist\u00e4 paremmin my\u00f6s yritysjuridiikkaa opiskelevien intressit aikaisemman vero-oikeus -painotuksen lis\u00e4ksi. Lis\u00e4ksi j\u00e4seneksemme voi liitty\u00e4 s\u00e4\u00e4nt\u00f6muutosten my\u00f6t\u00e4 my\u00f6s sivuaineopiskelijat. <\/p>\n\n\n\n<p>J\u00e4senist\u00f6mme koostuu aktiivisista alasta kiinnostuneista opiskelijoista. Yhteisty\u00f6kumppaniemme kanssa j\u00e4rjest\u00e4miimme tapahtumiin on osallistunut kautta aikain kiitett\u00e4v\u00e4n laajasti alan ty\u00f6el\u00e4m\u00e4st\u00e4 kiinnostuneita opiskelijoita. Tapahtumamme ovatkin p\u00e4\u00e4s\u00e4\u00e4nt\u00f6isesti avoimia kaikille. <\/p>\n\n\n\n<div class=\"wp-block-columns container is-layout-flex wp-container-core-columns-is-layout-28f84493 wp-block-columns-is-layout-flex\">\n<div class=\"wp-block-column is-layout-flow wp-block-column-is-layout-flow\"><\/div>\n\n\n\n<div class=\"wp-block-column is-layout-flow wp-block-column-is-layout-flow\"><\/div>\n<\/div>\n\n\n\n<h2 class=\"has-text-align-left wp-block-heading\">Normi Ry:n s\u00e4\u00e4nn\u00f6t:<\/h2>\n\n\n\n<p>1. LUKU &#8211; Yhdistyksen nimi, kotipaikka, tarkoitus ja toimintavuosi<\/p>\n\n\n\n<p>1 \u00a7 Yhdistyksen nimi on Normi ry ja sen kotipaikka on Tampere.<\/p>\n\n\n\n<p>2 \u00a7 Yhdistyksen tarkoituksena on vero-oikeus ja yritysjuridiikka -oppiaineen tunnetuksi tekeminen sek\u00e4 vero-oikeutta ja yritysjuridiikkaa opiskelevien opiskeluedellytysten parantaminen sek\u00e4 tunnettavuuden lis\u00e4\u00e4minen ty\u00f6el\u00e4m\u00e4ss\u00e4.<\/p>\n\n\n\n<p>3 \u00a7 Tarkoituksensa toteuttamiseksi yhdistys j\u00e4rjest\u00e4\u00e4 kokous- ja keskustelutilaisuuksia, esitelm\u00e4- ja tiedotustilaisuuksia sek\u00e4 j\u00e4senten keskeist\u00e4 yhteistoimintaa. Yhdistys pit\u00e4\u00e4 yhteytt\u00e4 sopiviksi katsomiinsa organisaatioihin. Yhdistys harjoittaa valistus-, koulutus-, neuvottelu- ja julkaisutoimintaa. Yhdistys tekee aloitteita ja esityksi\u00e4 sek\u00e4 antaa lausuntoja. Yhdistys toimii muilla edellisiin verrattavilla sopiviksi katsomillaan tavoilla, jotka edist\u00e4v\u00e4t opiskelijoiden yhteist\u00e4 etua.<\/p>\n\n\n\n<p>4 \u00a7 Yhdistyksen toiminta- ja tilikausi on kalenterivuosi. Kirjanpito, tilinp\u00e4\u00e4t\u00f6s ja vuosikertomus sek\u00e4 hallituksen p\u00f6yt\u00e4kirjat kuluneelta tilikaudelta on j\u00e4tett\u00e4v\u00e4 toiminnantarkastajille viimeist\u00e4\u00e4n kolme viikkoa ennen vuosikokousta. Toiminnantarkastajien on palautettava t\u00e4ss\u00e4 pyk\u00e4l\u00e4ss\u00e4 mainitut asiakirjat 14 p\u00e4iv\u00e4\u00e4 ennen vuosikokousta yhdistyksen hallitukselle.<\/p>\n\n\n\n<p>2. LUKU &#8211; J\u00e4senet ja j\u00e4senten erottaminen<\/p>\n\n\n\n<p>5 \u00a7 Yhdistyksen varsinaiseksi j\u00e4seneksi voi liitty\u00e4 jokainen Tampereen yliopistossa kauppatieteiden maisterin opinto-oikeuden omaava opiskelija. Varsinaiset j\u00e4senet suorittavat yhdistyksen vuosikokouksen m\u00e4\u00e4r\u00e4\u00e4m\u00e4n j\u00e4senmaksun.<\/p>\n\n\n\n<p>6 \u00a7 Kannattajaj\u00e4senin\u00e4 voivat olla kaikki oikeuskelpoiset yhteis\u00f6t ja yksityiset henkil\u00f6t, jotka hyv\u00e4ksyv\u00e4t yhdistyksen tarkoituksen ja toiminnan ja suorittavat yhdistyksen vuosikokouksen m\u00e4\u00e4r\u00e4\u00e4m\u00e4n j\u00e4senmaksun. Kunniaj\u00e4seneksi voidaan hallituksen esityksest\u00e4 yhdistyksen kokouksen p\u00e4\u00e4t\u00f6ksell\u00e4 kutsua henkil\u00f6it\u00e4, joille yhdistys erityisesti haluaa osoittaa kunnioitustaan. Kunniaj\u00e4senet ovat j\u00e4senmaksusta vapaat.<\/p>\n\n\n\n<p>7 \u00a7 J\u00e4sen voidaan hallituksen p\u00e4\u00e4t\u00f6ksell\u00e4 erottaa yhdistyksest\u00e4, jos h\u00e4n toimii sen tarkoitusperi\u00e4 vastaan tai toistuvasti laiminly\u00f6 j\u00e4senmaksun suorittamisen. Erotettu voi valittaa p\u00e4\u00e4t\u00f6ksest\u00e4 yhdistyksen kokoukselle. Valitus on j\u00e4tett\u00e4v\u00e4 kirjallisena hallitukselle 30 p\u00e4iv\u00e4n kuluessa tiedoksisaamisesta.<\/p>\n\n\n\n<p>3. LUKU &#8211; Yhdistyksen kokoukset<\/p>\n\n\n\n<p>8 \u00a7 Yhdistyksen s\u00e4\u00e4nt\u00f6m\u00e4\u00e4r\u00e4isi\u00e4 kokouksia ovat syyskokous ja vuosikokous. N\u00e4iden kokousten lis\u00e4ksi yhdistys kokoontuu hallituksen kutsusta tarvittaessa tai milloin v\u00e4hint\u00e4\u00e4n kymmenesosa (1\/10) yhdistyksen j\u00e4senm\u00e4\u00e4r\u00e4st\u00e4 sit\u00e4 kirjallisesti vaatii. Yhdistyksen kokous vahvistaa yhdistyksen toimintalinjat ja toiminnan taloudelliset puitteet ja p\u00e4\u00e4tt\u00e4\u00e4 yhdistyksen s\u00e4\u00e4nt\u00f6jen muuttamisesta sek\u00e4 yhdistyksen purkamisesta.<\/p>\n\n\n\n<p>9 \u00a7 Yhdistyksen kokoukset on kutsuttava koolle v\u00e4hint\u00e4\u00e4n seitsem\u00e4n vuorokautta ennen kokousta julkaisemalla kutsu yhdistyksen virallisilla nettisivuilla.<\/p>\n\n\n\n<p>10 \u00a7 Vuosikokous pidet\u00e4\u00e4n kuluvan toimintakauden kes\u00e4kuun loppuun menness\u00e4 ja syyskokous vuosikokouksen j\u00e4lkeen toimintakauden loppuun menness\u00e4.<\/p>\n\n\n\n<p>Syyskokouksessa:<\/p>\n\n\n\n<p>1) valitaan kokoukselle puheenjohtaja ja sihteeri;<\/p>\n\n\n\n<p>2) valitaan kaksi p\u00f6yt\u00e4kirjan tarkastajaa ja tarvittaessa kaksi \u00e4\u00e4ntenlaskijaa;<\/p>\n\n\n\n<p>3) todetaan kokouksen osanottajat;<\/p>\n\n\n\n<p>4) todetaan kokouksen laillisuus ja p\u00e4\u00e4t\u00f6svaltaisuus;<\/p>\n\n\n\n<p>5) k\u00e4sitell\u00e4\u00e4n seuraavan vuoden toimintasuunnitelma;<\/p>\n\n\n\n<p>6) p\u00e4\u00e4tet\u00e4\u00e4n eri kokouksiin l\u00e4hetett\u00e4vien edustajien matkakorvauksista ja toiminnantarkastajan palkkioista;<\/p>\n\n\n\n<p>7) p\u00e4\u00e4tet\u00e4\u00e4n seuraavan toimintakauden talousarviosta;<\/p>\n\n\n\n<p>8) valitaan hallituksen puheenjohtaja, varapuheenjohtaja ja sihteeri;<\/p>\n\n\n\n<p>9) valitaan hallituksen muut j\u00e4senet;<\/p>\n\n\n\n<p>10) valitaan toiminnantarkastaja ja varatoiminnantarkastaja;<\/p>\n\n\n\n<p>11) tarvittaessa valitaan edustajat kokouksiin, joihin yhdistyksell\u00e4 on edustusoikeus;<\/p>\n\n\n\n<p>12) k\u00e4sitell\u00e4\u00e4n muut kokouskutsussa mainitut asiat ja ne asiat, jotka kokous p\u00e4\u00e4tt\u00e4\u00e4 ottaa k\u00e4sitelt\u00e4v\u00e4kseen.<\/p>\n\n\n\n<p>Vuosikokouksessa:<\/p>\n\n\n\n<p>1) valitaan kokoukselle puheenjohtaja ja sihteeri;<\/p>\n\n\n\n<p>2) valitaan kaksi p\u00f6yt\u00e4kirjan tarkastajaa ja tarvittaessa kaksi \u00e4\u00e4ntenlaskijaa;<\/p>\n\n\n\n<p>3) todetaan kokouksen osanottajat;<\/p>\n\n\n\n<p>4) todetaan kokouksen laillisuus ja p\u00e4\u00e4t\u00f6svaltaisuus;<\/p>\n\n\n\n<p>5) esitet\u00e4\u00e4n yhdistyksen tilinp\u00e4\u00e4t\u00f6s, vuosikertomus ja toiminnantarkastajien lausunto sek\u00e4 vahvistetaan tilinp\u00e4\u00e4t\u00f6s;<\/p>\n\n\n\n<p>6) p\u00e4\u00e4tet\u00e4\u00e4n tili- ja vastuuvapauden my\u00f6nt\u00e4misest\u00e4 hallitukselle ja muille tilivelvollisille;<\/p>\n\n\n\n<p>7) m\u00e4\u00e4r\u00e4t\u00e4\u00e4n seuraavan vuoden j\u00e4senmaksujen suuruus;<\/p>\n\n\n\n<p>8) k\u00e4sitell\u00e4\u00e4n muut kokouskutsussa mainitut asiat ja ne asiat, jotka kokous p\u00e4\u00e4tt\u00e4\u00e4 ottaa k\u00e4sitelt\u00e4v\u00e4kseen<\/p>\n\n\n\n<p>4. LUKU &#8211; Hallitus ja toimikunnat<\/p>\n\n\n\n<p>11 \u00a7 Hallituksen toimintakausi on kalenterivuosi.<\/p>\n\n\n\n<p>12 \u00a7 Syyskokous valitsee hallituksen ja nimitt\u00e4\u00e4 hallituksen j\u00e4senet teht\u00e4viins\u00e4 seuraavalle toimintakaudelle. Yhdistyksen hallitukseen valitaan puheenjohtaja, varapuheenjohtaja ja sihteeri. Varapuheenjohtaja toimii yhdistyksen varainhoitajana. Lis\u00e4ksi syyskokous valitsee hallitukseen enint\u00e4\u00e4n viisi muuta j\u00e4sent\u00e4 seuraavalle toimintakaudelle.<\/p>\n\n\n\n<p>13 \u00a7 Jos hallituksen j\u00e4sen eroaa kesken toimikautensa tai on vapautettu teht\u00e4vist\u00e4\u00e4n, valitsee yhdistyksen kokous h\u00e4nen tilalleen uuden j\u00e4senen j\u00e4ljell\u00e4 olevaksi toimikaudeksi.<\/p>\n\n\n\n<p>14 \u00a7 Tietyn asian hoitamista varten voi yhdistyksen kokous tai hallitus asettaa erityisen toimikunnan, joka toimii hallituksen valvonnan alaisena. Toimikuntaa asetettaessa on sen puheenjohtaja, kokoonpano, teht\u00e4v\u00e4t ja toimikausi m\u00e4\u00e4r\u00e4tt\u00e4v\u00e4.<\/p>\n\n\n\n<p>15 \u00a7 Hallitus kokoontuu puheenjohtajan tai h\u00e4nen estyneen\u00e4 ollessaan varapuheenjohtajan koolle kutsumana ja on p\u00e4\u00e4t\u00f6svaltainen, kun puolet hallituksen j\u00e4senist\u00e4, puheenjohtaja tai varapuheenjohtaja mukaan luettuna, on saapuvilla.<\/p>\n\n\n\n<p>16 \u00a7 \u00c4\u00e4nestysmenettelyss\u00e4 \u00e4\u00e4nten menness\u00e4 tasan ratkaisee puheenjohtajan \u00e4\u00e4ni, paitsi vaaleissa arpa.<\/p>\n\n\n\n<p>5. LUKU &#8211; Talous ja nimenkirjoittamisoikeus<\/p>\n\n\n\n<p>17 \u00a7 Yhdistyksen talouden ja omaisuuden hoidosta huolehtivat hallitus varainhoitajan johdolla. Varainhoitajalla on k\u00e4ytt\u00f6oikeus yhdistyksen pankkitiliin puheenjohtajan lis\u00e4ksi. Yhdistyksen toiminta rahoitetaan saatavilla lahjoituksilla, sponsorituilla ja avustuksilla. Yhdistyksell\u00e4 on oikeus vastaanottaa j\u00e4lkis\u00e4\u00e4d\u00f6ksi\u00e4 ja lahjoituksia, omistaa kiinte\u00e4\u00e4 ja irtainta omaisuutta sek\u00e4 j\u00e4rjest\u00e4\u00e4 huvi- ja juhlatilaisuuksia toiminnan rahoittamiseksi.<\/p>\n\n\n\n<p>18 \u00a7 Yhdistyksen nimen kirjoittavat hallituksen puheenjohtaja tai varapuheenjohtaja jompikumpi yhdess\u00e4 sihteerin tai varainhoitajan kanssa.<\/p>\n\n\n\n<p>6. LUKU &#8211; S\u00e4\u00e4nt\u00f6jen muuttaminen ja yhdistyksen purkaminen<\/p>\n\n\n\n<p>19 \u00a7 N\u00e4iden s\u00e4\u00e4nt\u00f6jen muuttamisesta p\u00e4\u00e4tt\u00e4\u00e4 yhdistyksen kokous. P\u00e4\u00e4t\u00f6ksen syntymiseen tarvitaan v\u00e4hint\u00e4\u00e4n kaksi kolmasosaa (2\/3) annetuista \u00e4\u00e4nist\u00e4. S\u00e4\u00e4nt\u00f6jen muutoksesta on kokouskutsussa mainittava.<\/p>\n\n\n\n<p>20 \u00a7 Yhdistyksen purkamisesta on kokouskutsussa mainittava. P\u00e4\u00e4t\u00f6s purkamisesta on teht\u00e4v\u00e4 kahdessa v\u00e4hint\u00e4\u00e4n kolmen viikon v\u00e4liajoin pidett\u00e4v\u00e4ss\u00e4 kokouksessa v\u00e4hint\u00e4\u00e4n kolmen nelj\u00e4sosan (3\/4) enemmist\u00f6ll\u00e4 annetuista \u00e4\u00e4nist\u00e4.<\/p>\n\n\n\n<p>21 \u00a7 Yhdistyksen purkautuessa tulee sen varat luovuttaa n\u00e4iden s\u00e4\u00e4nt\u00f6jen 2\u00a7:ss\u00e4 mainittua tarkoitusta palvelevan toiminnan hyv\u00e4ksi siten kuin viimeinen kokous p\u00e4\u00e4tt\u00e4\u00e4.<\/p>\n\n\n\n<p>22 \u00a7 Saavutetut j\u00e4senedut s\u00e4ilyv\u00e4t.<\/p>\n","protected":false},"excerpt":{"rendered":"<p>TEHT\u00c4V\u00c4MME Normi Ry on vuonna 1978 perustettu ainej\u00e4rjest\u00f6, jonka tarkoituksena on koko pitk\u00e4n historiansa ajan ollut opiskelijoiden viihtyvyyden sek\u00e4 hyvinvoinnin lis\u00e4\u00e4minen j\u00e4rjest\u00e4m\u00e4ll\u00e4 erilaista vapaa-ajan toimintaa sek\u00e4 tiedottamalla ajankohtaisista asioista liittyen opintoihin sek\u00e4 ty\u00f6el\u00e4m\u00e4\u00e4n. Ainej\u00e4rjest\u00f6mme on alati kasvava ja uudistuva. Vuonna 2020 j\u00e4rjest\u00f6mme teki s\u00e4\u00e4nt\u00f6muutoksen, jonka tarkoituksena oli huomioida entist\u00e4 paremmin [&hellip;]<\/p>\n","protected":false},"author":1,"featured_media":0,"parent":0,"menu_order":0,"comment_status":"closed","ping_status":"closed","template":"page-templates\/template-fullwidth.php","meta":{"footnotes":""},"class_list":["post-40","page","type-page","status-publish","hentry"],"_links":{"self":[{"href":"https:\/\/normiry.fi\/index.php\/wp-json\/wp\/v2\/pages\/40","targetHints":{"allow":["GET"]}}],"collection":[{"href":"https:\/\/normiry.fi\/index.php\/wp-json\/wp\/v2\/pages"}],"about":[{"href":"https:\/\/normiry.fi\/index.php\/wp-json\/wp\/v2\/types\/page"}],"author":[{"embeddable":true,"href":"https:\/\/normiry.fi\/index.php\/wp-json\/wp\/v2\/users\/1"}],"replies":[{"embeddable":true,"href":"https:\/\/normiry.fi\/index.php\/wp-json\/wp\/v2\/comments?post=40"}],"version-history":[{"count":12,"href":"https:\/\/normiry.fi\/index.php\/wp-json\/wp\/v2\/pages\/40\/revisions"}],"predecessor-version":[{"id":395,"href":"https:\/\/normiry.fi\/index.php\/wp-json\/wp\/v2\/pages\/40\/revisions\/395"}],"wp:attachment":[{"href":"https:\/\/normiry.fi\/index.php\/wp-json\/wp\/v2\/media?parent=40"}],"curies":[{"name":"wp","href":"https:\/\/api.w.org\/{rel}","templated":true}]}}