{"id":30,"date":"2021-09-01T17:18:55","date_gmt":"2021-09-01T14:18:55","guid":{"rendered":"https:\/\/normiry.fi\/?page_id=30"},"modified":"2026-01-14T17:16:12","modified_gmt":"2026-01-14T15:16:12","slug":"ota-yhteytta","status":"publish","type":"page","link":"https:\/\/normiry.fi\/index.php\/ota-yhteytta\/","title":{"rendered":"Ota yhteytt\u00e4"},"content":{"rendered":"\n<p>L\u00f6yd\u00e4t meid\u00e4t verkkosivujemme lis\u00e4ksi instagramista. S\u00e4hk\u00f6postiosoitteemme ovat etunimi.sukunimi@tuni.fi. <\/p>\n\n\n\n<p><\/p>\n\n\n<section class=\"hestia-team \" id=\"team\" data-sorder=\"hestia_team\">\n<div class=\"container\">\n<div class=\"row\">\n<div class=\"col-md-8 col-md-offset-2 text-center hestia-team-title-area\">\n<h2 class=\"hestia-title\" style=\"text-align: left;\">Hallitus 2026<\/h2>\n<\/div>\n<\/div>\n<div class=\"hestia-team-content\">\n<div class=\"row\">\n<div class=\"col-xs-12 col-ms-6 col-sm-6\">\n<div class=\"card card-profile card-plain\">\n<div class=\"col-md-5\">\n<div class=\"card-image\" style=\"text-align: center;\"><\/div>\n<\/div>\n<div class=\"col-md-7\" style=\"text-align: center;\">\n<div class=\"content\">\n<h4 class=\"card-title\" style=\"text-align: center;\"><\/h4>\n<h4 class=\"card-title\" style=\"text-align: center;\">Wilma Kauranen<\/h4>\n<h6 class=\"category text-muted\" style=\"text-align: center;\">Puheenjohtaja<\/h6>\n<h4 class=\"card-title\" style=\"text-align: center;\">Akseli Komulainen<\/h4>\n<h6 class=\"category text-muted\" style=\"text-align: center;\">Talousvastaava<\/h6>\n<h4 class=\"card-title\" style=\"text-align: center;\">Kanerva Kinnunen<\/h4>\n<h6 class=\"category text-muted\">Koulutus-<\/h6>\n<h6 class=\"category text-muted\">poliittinen<\/h6>\n<h6 class=\"category text-muted\">vastaava<\/h6>\n<\/div>\n<\/div>\n<\/div>\n<\/div>\n<div class=\"col-xs-12 col-ms-6 col-sm-6\">\n<div class=\"card card-profile card-plain\">\n<div class=\"col-md-7\">\n<div class=\"content\">\n<div class=\"footer\">\n<h6 class=\"category text-muted\" style=\"text-align: center;\"><\/h6>\n<p style=\"text-align: center;\"><\/p>\n<h4 class=\"card-title\" style=\"text-align: center;\">Viljami Pelkonen<\/h4>\n<h6 class=\"category text-muted\" style=\"text-align: center;\">Tapahtumavastaava<\/h6>\n<h4 class=\"card-title\" style=\"text-align: center;\">Anna Mattila<\/h4>\n<h6 class=\"category text-muted\" style=\"text-align: center;\">Tapahtumavastaava<\/h6>\n<h4 class=\"card-title\" style=\"text-align: center;\">Minttu Jokela<\/h4>\n<h6 class=\"category text-muted\" style=\"text-align: center;\">Sihteeri &amp; viestint\u00e4vastaava<\/h6>\n<h4 class=\"card-title\" style=\"text-align: center;\">Laura Murtoniemi<\/h4>\n<h6 class=\"category text-muted\" style=\"text-align: center;\">Yrityssuhde-<\/h6>\n<h6 class=\"category text-muted\" style=\"text-align: center;\">vastaava<\/h6>\n<\/div>\n<\/div>\n<\/div>\n<\/div>\n<\/div>\n<\/div>\n<\/div>\n<\/div>\n<\/section>\n\n\n<h4 class=\"wp-block-heading\"><\/h4>\n\n\n\n<h4 class=\"wp-block-heading\"><\/h4>\n\n\n\n<h4 class=\"wp-block-heading\"><\/h4>\n\n\n\n<div class=\"wp-block-buttons is-layout-flex wp-block-buttons-is-layout-flex\">\n<div class=\"wp-block-button\"><a class=\"wp-block-button__link wp-element-button\" href=\"https:\/\/normiry.fi\/index.php\/vanhat-hallitukset\/\">Vanhat hallitukset<\/a><\/div>\n<\/div>\n\n\n\n<p><\/p>\n\n\n","protected":false},"excerpt":{"rendered":"<p>L\u00f6yd\u00e4t meid\u00e4t verkkosivujemme lis\u00e4ksi instagramista. S\u00e4hk\u00f6postiosoitteemme ovat etunimi.sukunimi@tuni.fi. Hallitus 2026 Wilma Kauranen Puheenjohtaja Akseli Komulainen Talousvastaava Kanerva Kinnunen Koulutus- poliittinen vastaava Viljami Pelkonen Tapahtumavastaava Anna Mattila Tapahtumavastaava Minttu Jokela Sihteeri &amp; viestint\u00e4vastaava Laura Murtoniemi Yrityssuhde- vastaava<\/p>\n","protected":false},"author":1,"featured_media":0,"parent":0,"menu_order":0,"comment_status":"closed","ping_status":"closed","template":"","meta":{"footnotes":""},"class_list":["post-30","page","type-page","status-publish","hentry"],"_links":{"self":[{"href":"https:\/\/normiry.fi\/index.php\/wp-json\/wp\/v2\/pages\/30","targetHints":{"allow":["GET"]}}],"collection":[{"href":"https:\/\/normiry.fi\/index.php\/wp-json\/wp\/v2\/pages"}],"about":[{"href":"https:\/\/normiry.fi\/index.php\/wp-json\/wp\/v2\/types\/page"}],"author":[{"embeddable":true,"href":"https:\/\/normiry.fi\/index.php\/wp-json\/wp\/v2\/users\/1"}],"replies":[{"embeddable":true,"href":"https:\/\/normiry.fi\/index.php\/wp-json\/wp\/v2\/comments?post=30"}],"version-history":[{"count":73,"href":"https:\/\/normiry.fi\/index.php\/wp-json\/wp\/v2\/pages\/30\/revisions"}],"predecessor-version":[{"id":459,"href":"https:\/\/normiry.fi\/index.php\/wp-json\/wp\/v2\/pages\/30\/revisions\/459"}],"wp:attachment":[{"href":"https:\/\/normiry.fi\/index.php\/wp-json\/wp\/v2\/media?parent=30"}],"curies":[{"name":"wp","href":"https:\/\/api.w.org\/{rel}","templated":true}]}}