{"id":145,"date":"2021-09-08T17:55:20","date_gmt":"2021-09-08T14:55:20","guid":{"rendered":"https:\/\/normiry.fi\/?page_id=145"},"modified":"2024-11-08T15:53:56","modified_gmt":"2024-11-08T13:53:56","slug":"opinnot","status":"publish","type":"page","link":"https:\/\/normiry.fi\/index.php\/opinnot\/","title":{"rendered":"Opinnot"},"content":{"rendered":"\n<p>Tampereen Yliopiston opintotarjonta k\u00e4sitt\u00e4\u00e4 vero-oikeuden ja yritysjuridiikan opintosuunnassa t\u00e4ll\u00e4 hetkell\u00e4 yhteens\u00e4 41 opintojaksoa. <\/p>\n\n\n\n<p>T\u00e4lt\u00e4 sivulta l\u00f6yd\u00e4t vero-oikeuden ja yritysjuridiikan opintojen vuosikalenterit, joiden tarkoituksena on selkeytt\u00e4\u00e4 opintojaksojen toteutusten jakautumista lukuvuodelle. <\/p>\n\n\n\n<h2 class=\"wp-block-heading\">Opintosuunnan vahvuudet<\/h2>\n\n\n\n<p>Opintosuunnan opinnoissa yhdistyv\u00e4t kauppatieteellisen ja oikeustieteellisen koulutuksen vahvuudet ty\u00f6markkinoiden vaatimuksia vastaavaksi kokonaisuudeksi. Erikoistua voi joko yritysjuridiikkaan tai vero-oikeuteen.<\/p>\n\n\n\n<p>Opiskelijat oppivat hahmottamaan yritystoiminnan oikeudellisia ongelmia ja niiden ratkaisuvaihtoehtoja, sek\u00e4 tuntemaan oikeudelliset menettelyt. Opetus on monipuolista, korkeatasoista ja k\u00e4yt\u00e4nn\u00f6nl\u00e4heist\u00e4 mutta my\u00f6s vaativaa kattaen kaikki keskeiset yrityksen oikeudellisen toimintaymp\u00e4rist\u00f6n osa-alueet. Lis\u00e4ksi Tampereen yliopiston laajasta sivuainevalikoimasta on mahdollista poimia itselle sopivimmat sivuaineet tukemaan omalle urapolulle suuntautumista. Erityisosaamista voi hankkia esimerkiksi liiketaloustieteen tai julkishallinnon eri osaamisalueilta.<\/p>\n\n\n\n<p>Yritysjuridiikan erikoistumisvaihtoehdossa perehdyt\u00e4\u00e4n laaja-alaisesti yritystoimintaan liittyviin oikeudellisiin kysymyksiin, kuten yhti\u00f6-, sopimus- ja markkinaoikeuteen. T\u00e4llaista asiantuntemusta tarvitaan mm. yrityksen johtamisessa, tilintarkastusteht\u00e4viss\u00e4 sek\u00e4 monissa muissa vastaavissa asiantuntijateht\u00e4viss\u00e4.<\/p>\n\n\n\n<p>Vero-oikeuden erikoistumisvaihtoehdossa perehdyt\u00e4\u00e4n syv\u00e4llisesti vero-oikeudellisiin kysymyksiin. Opinnot kattavat monipuolisesti yritys-, henkil\u00f6- ja kansainv\u00e4lisen verotuksen eri osa-alueet. Valmistuneet ty\u00f6llistyv\u00e4t verotuksen asiantuntija- ja johtoteht\u00e4viin mm. kansainv\u00e4listen tilintarkastusyhteis\u00f6jen, suurten yritysten ja verohallinnon palvelukseen.<\/p>\n\n\n\n<p>Yksi Normi Ry:n t\u00e4rkeimmist\u00e4 teht\u00e4vist\u00e4, mutta j\u00e4senist\u00f6lle n\u00e4kym\u00e4tt\u00f6min, on koulutuspoliittinen edunvalvonta yliopistolla eli suomeksi sanottuna yhteydenpito henkil\u00f6kuntaan, opiskelijoiden mielipiteiden ja palautteen v\u00e4litt\u00e4minen ja esilletuonti, yhteydenpito muiden johtamisen ja talouden tiedekunnan ainej\u00e4rjest\u00f6jen kopoihin sek\u00e4 erilaisissa ty\u00f6ryhmiss\u00e4 ja toimikunnissa istuminen. Edunvalvonnan lis\u00e4ksi Normi Rt tukee j\u00e4senist\u00f6\u00e4\u00e4n j\u00e4rjest\u00e4m\u00e4ll\u00e4 erilaisia yritysvierailuja ja kutsumalla ty\u00f6el\u00e4m\u00e4n ja yliopiston edustajia tapahtumiimme, sill\u00e4 vanhempien innostavat kokemukset ja uratarinat antavat kivaa kimmoketta ja p\u00e4\u00e4m\u00e4\u00e4ri\u00e4 my\u00f6s omille opinnoille.<\/p>\n\n\n\n<h2 class=\"wp-block-heading\">Vero-oikeuden ja yritysjuridiikan opinnot<\/h2>\n\n\n\n<p>P\u00e4\u00e4set katsomaan opintotarjottimia alla olevista linkeist\u00e4.<\/p>\n\n\n\n<p>Kandidaattivaihe: <a href=\"https:\/\/www.tuni.fi\/opiskelijanopas\/opintotiedot\/tutkinto-ohjelmat\/uta-tohjelma-1684?year=2024&amp;activeTab=1\">https:\/\/www.tuni.fi\/opiskelijanopas\/opintotiedot\/tutkinto-ohjelmat\/uta-tohjelma-1684?year=2024&amp;activeTab=1<\/a><\/p>\n\n\n\n<p>Maisterivaihe: <a href=\"https:\/\/www.tuni.fi\/opiskelijanopas\/opintotiedot\/tutkinto-ohjelmat\/uta-tohjelma-1687?year=2024&amp;activeTab=1\">https:\/\/www.tuni.fi\/opiskelijanopas\/opintotiedot\/tutkinto-ohjelmat\/uta-tohjelma-1687?year=2024&amp;activeTab=1<\/a><\/p>\n\n\n\n<p><\/p>\n\n\n\n<h1 class=\"wp-block-heading has-text-align-left\"><\/h1>\n\n\n\n<div class=\"wp-block-group\"><div class=\"wp-block-group__inner-container is-layout-flow wp-block-group-is-layout-flow\">\n<div class=\"wp-block-columns is-layout-flex wp-container-core-columns-is-layout-28f84493 wp-block-columns-is-layout-flex\"><\/div>\n<\/div><\/div>\n","protected":false},"excerpt":{"rendered":"<p>Tampereen Yliopiston opintotarjonta k\u00e4sitt\u00e4\u00e4 vero-oikeuden ja yritysjuridiikan opintosuunnassa t\u00e4ll\u00e4 hetkell\u00e4 yhteens\u00e4 41 opintojaksoa. T\u00e4lt\u00e4 sivulta l\u00f6yd\u00e4t vero-oikeuden ja yritysjuridiikan opintojen vuosikalenterit, joiden tarkoituksena on selkeytt\u00e4\u00e4 opintojaksojen toteutusten jakautumista lukuvuodelle. Opintosuunnan vahvuudet Opintosuunnan opinnoissa yhdistyv\u00e4t kauppatieteellisen ja oikeustieteellisen koulutuksen vahvuudet ty\u00f6markkinoiden vaatimuksia vastaavaksi kokonaisuudeksi. Erikoistua voi joko yritysjuridiikkaan tai vero-oikeuteen. Opiskelijat [&hellip;]<\/p>\n","protected":false},"author":1,"featured_media":0,"parent":0,"menu_order":0,"comment_status":"closed","ping_status":"closed","template":"","meta":{"footnotes":""},"class_list":["post-145","page","type-page","status-publish","hentry"],"_links":{"self":[{"href":"https:\/\/normiry.fi\/index.php\/wp-json\/wp\/v2\/pages\/145","targetHints":{"allow":["GET"]}}],"collection":[{"href":"https:\/\/normiry.fi\/index.php\/wp-json\/wp\/v2\/pages"}],"about":[{"href":"https:\/\/normiry.fi\/index.php\/wp-json\/wp\/v2\/types\/page"}],"author":[{"embeddable":true,"href":"https:\/\/normiry.fi\/index.php\/wp-json\/wp\/v2\/users\/1"}],"replies":[{"embeddable":true,"href":"https:\/\/normiry.fi\/index.php\/wp-json\/wp\/v2\/comments?post=145"}],"version-history":[{"count":10,"href":"https:\/\/normiry.fi\/index.php\/wp-json\/wp\/v2\/pages\/145\/revisions"}],"predecessor-version":[{"id":417,"href":"https:\/\/normiry.fi\/index.php\/wp-json\/wp\/v2\/pages\/145\/revisions\/417"}],"wp:attachment":[{"href":"https:\/\/normiry.fi\/index.php\/wp-json\/wp\/v2\/media?parent=145"}],"curies":[{"name":"wp","href":"https:\/\/api.w.org\/{rel}","templated":true}]}}